{"id":259,"date":"2024-06-05T18:55:19","date_gmt":"2024-06-05T18:55:19","guid":{"rendered":"https:\/\/jgregstudio.com\/?page_id=259"},"modified":"2024-06-08T17:32:58","modified_gmt":"2024-06-08T21:32:58","slug":"cookie-privacy","status":"publish","type":"page","link":"https:\/\/jgregstudio.com\/es\/cookie-privacy\/","title":{"rendered":"Privacidad de las cookies"},"content":{"rendered":"<h2 class=\"wp-block-heading has-text-align-left has-cyan-bluish-gray-color has-text-color has-link-color wp-elements-2a4f6775e1c472f88ff23fe7d57dd117\"><a href=\"https:\/\/jgregstudio.com\/es\/\">jgregstudio.com<\/a><\/h2>\n\n\n\n<p class=\"has-cyan-bluish-gray-color has-text-color has-link-color wp-elements-d8f76ecf8894f2a89edf7374be60d781\">El acceso a este Sitio Web puede implicar la utilizaci\u00f3n de cookies. Las cookies son peque\u00f1as cantidades de informaci\u00f3n que se almacenan en el navegador utilizado por cada Usuario -en los diferentes dispositivos que se puedan utilizar para navegar- de manera que el servidor recuerde cierta informaci\u00f3n que posteriormente y s\u00f3lo el servidor que la implement\u00f3 leer\u00e1. Las cookies facilitan la navegaci\u00f3n, la hacen m\u00e1s amigable y no da\u00f1an el dispositivo de navegaci\u00f3n<\/p>\n\n\n\n<p class=\"has-cyan-bluish-gray-color has-text-color has-link-color wp-elements-e78b3499d43bf5d7f238b6ba9ff4019f\">Las cookies son procedimientos autom\u00e1ticos de recogida de informaci\u00f3n relativa a las preferencias determinadas por el Usuario durante su visita al Sitio Web con el fin de reconocerle como Usuario, y personalizar su experiencia y uso del Sitio Web, pudiendo tambi\u00e9n, por ejemplo, ayudar a identificar y resolver errores.<\/p>\n\n\n\n<p class=\"has-cyan-bluish-gray-color has-text-color has-link-color wp-elements-dad2bd1e5cf43dcdcfd7584a73a666af\">La informaci\u00f3n recopilada a trav\u00e9s de las cookies puede incluir la fecha y hora de las visitas al Sitio Web, las p\u00e1ginas visitadas, el tiempo pasado en el Sitio Web y los sitios visitados justo antes y justo despu\u00e9s del Sitio Web. Sin embargo, ninguna cookie permite ponerse en contacto con el n\u00famero de tel\u00e9fono del Usuario o con cualquier otro medio de contacto personal. Ninguna cookie puede extraer informaci\u00f3n del disco duro del Usuario ni robar informaci\u00f3n personal. La \u00fanica manera de que la informaci\u00f3n privada del Usuario forme parte del archivo Cookie es que el Usuario d\u00e9 personalmente esa informaci\u00f3n al servidor.<\/p>\n\n\n\n<p class=\"has-cyan-bluish-gray-color has-text-color has-link-color wp-elements-ec8b1cfada79f03f160370b4327018fb\">Las cookies que permiten identificar a una persona se consideran datos personales. Por tanto, les ser\u00e1 de aplicaci\u00f3n la Pol\u00edtica de Privacidad descrita anteriormente. En este sentido, para el uso de estas cookies, ser\u00e1 necesario el consentimiento del Usuario. Este consentimiento ser\u00e1 comunicado, sobre la base de una verdadera elecci\u00f3n, ofrecida por una decisi\u00f3n afirmativa y positiva, antes del tratamiento inicial, removible y documentada.<\/p>\n\n\n\n<h2 class=\"wp-block-heading has-cyan-bluish-gray-color has-text-color has-link-color wp-elements-98d08b42cd49204a8f1f501833ebfe00\">Cookies propias<\/h2>\n\n\n\n<p class=\"has-cyan-bluish-gray-color has-text-color has-link-color wp-elements-3821af9bce14f7c546c95a8dbe53e2b6\">Son aquellas cookies que se env\u00edan al ordenador o dispositivo del Usuario y gestionadas exclusivamente por la pagina web. para el mejor funcionamiento del Sitio Web. La informaci\u00f3n recogida se utiliza para mejorar la calidad del Sitio Web y sus Contenidos y su experiencia como Usuario. Estas cookies permiten reconocer al Usuario como visitante recurrente del Sitio Web y adaptar el contenido para ofrecer contenidos que se ajusten a sus preferencias.<\/p>\n\n\n\n<h2 class=\"wp-block-heading has-cyan-bluish-gray-color has-text-color has-link-color wp-elements-c4b85cc073b0ba05af01818e1218c4d3\">Cookies de terceros<\/h2>\n\n\n\n<p class=\"has-cyan-bluish-gray-color has-text-color has-link-color wp-elements-a83fd5134f02ed8b3ea7fef6634d2cd8\">Estas cookies son utilizadas y gestionadas por entidades externas que prestan servicios de Fotograf\u00eda y dise\u00f1o gr\u00e1fico. solicitados por el mismo para mejorar el Sitio Web y la experiencia del Usuario al navegar por el Sitio Web. Las principales finalidades para las que se utilizan las cookies de terceros son la obtenci\u00f3n de estad\u00edsticas de acceso y el an\u00e1lisis de la informaci\u00f3n de navegaci\u00f3n, es decir, c\u00f3mo interact\u00faa el Usuario con el Sitio Web.<\/p>\n\n\n\n<p class=\"has-cyan-bluish-gray-color has-text-color has-link-color wp-elements-db5e819bce308ebd6d1679e461b5ec20\">La informaci\u00f3n obtenida hace referencia, por ejemplo, al n\u00famero de p\u00e1ginas visitadas, el idioma, el lugar donde se encuentra la direcci\u00f3n IP desde la que accede el Usuario, el n\u00famero de Usuarios que acceden, la frecuencia y reincidencia de las visitas, el tiempo de visita, el navegador utilizado, el operador o tipo de dispositivo desde el que se realiza la visita. Esta informaci\u00f3n se utiliza para mejorar el Sitio Web, y detectar nuevas necesidades con el fin de ofrecer a los Usuarios un Contenido y\/o servicio de \u00f3ptima calidad. En cualquier caso, la informaci\u00f3n se recoge de forma an\u00f3nima y se elaboran informes de tendencias del Sitio Web sin identificar a usuarios individuales.<\/p>\n\n\n\n<p class=\"has-cyan-bluish-gray-color has-text-color has-link-color wp-elements-647ba4b9c509dc880c13061b3935ca72\">Puede obtener m\u00e1s informaci\u00f3n sobre cookies, informaci\u00f3n sobre privacidad, o consultar la descripci\u00f3n del tipo de cookies utilizadas, sus principales caracter\u00edsticas, plazo de caducidad, etc. en el\/los siguiente\/s enlace\/s:<\/p>\n\n\n\n<p class=\"has-cyan-bluish-gray-color has-text-color has-link-color wp-elements-eb53a3074851282a6ab67793fef118bb\"><a href=\"https:\/\/analytics.google.com\/analytics\">https:\/\/analytics.google.com\/analytics<\/a><\/p>\n\n\n\n<p class=\"has-cyan-bluish-gray-color has-text-color has-link-color wp-elements-f962d8b4e13f29b0f60c4442842f5aa3\">La(s) entidad(es) encargada(s) del suministro de cookies podr\u00e1(n) ceder esta informaci\u00f3n a terceros, siempre que as\u00ed lo exija la ley o se trate de un tercero que trate esta informaci\u00f3n para dichas entidades.<\/p>\n\n\n\n<h2 class=\"wp-block-heading has-cyan-bluish-gray-color has-text-color has-link-color wp-elements-4a0a2383f40679d7934647486656da0f\">Cookies de Redes Sociales<\/h2>\n\n\n\n<p class=\"has-cyan-bluish-gray-color has-text-color has-link-color wp-elements-6b8361bfc444b513cfd6c618d4b14730\">Estudio de fotograf\u00eda y dise\u00f1o gr\u00e1fico. incorpora plugins de redes sociales, que permiten el acceso a las redes sociales desde el Sitio Web. Por este motivo, es posible que se almacenen cookies de las redes sociales en el navegador del Usuario. Los titulares de estas redes sociales tienen sus propias pol\u00edticas de protecci\u00f3n de datos y cookies, siendo ellos mismos, en cada caso, los responsables de sus propios ficheros y de sus propias pr\u00e1cticas de privacidad. El Usuario deber\u00e1 remitirse a las mismas para obtener informaci\u00f3n sobre dichas cookies y, en su caso, tratamiento de datos personales. A efectos meramente informativos, se indican a continuaci\u00f3n los enlaces donde puede consultar dichas pol\u00edticas de privacidad y\/o cookies:<\/p>\n\n\n\n<p class=\"has-cyan-bluish-gray-color has-text-color has-link-color wp-elements-f60f88c2e198e6ca453f68abfb2b11d3\">Facebook: <a href=\"https:\/\/www.facebook.com\/policies\/cookies\/\">https:\/\/www.facebook.com\/policies\/cookies\/<\/a><br>Twitter: <a href=\"https:\/\/twitter.com\/es\/privacy\">https:\/\/twitter.com\/es\/privacy<\/a><br>Instagram: <a href=\"https:\/\/help.instagram.com\/1896641480634370?ref=ig\">https:\/\/help.instagram.com\/1896641480634370?ref=ig<\/a><br>YouTube: <a href=\"https:\/\/policies.google.com\/privacy?hl=es-419&amp;gl=mx\">https:\/\/policies.google.com\/privacy?hl=es-419&amp;gl=mx<\/a><br>Pinterest: <a href=\"https:\/\/policy.pinterest.com\/es\/privacy-policy\">https:\/\/policy.pinterest.com\/es\/privacy-policy<\/a><br>LinkedIn: <a href=\"https:\/\/www.linkedin.com\/legal\/cookie-policy?trk=hp-cookies\">https:\/\/www.linkedin.com\/legal\/cookie-policy?trk=hp-cookies<\/a><\/p>\n\n\n\n<h2 class=\"wp-block-heading has-cyan-bluish-gray-color has-text-color has-link-color wp-elements-7b3cc33d0a8ea658bf6cbb7995e049b4\">Deshabilitar, rechazar y eliminar cookies<\/h2>\n\n\n\n<p class=\"has-cyan-bluish-gray-color has-text-color has-link-color wp-elements-f8a23dd35fb650542a20066b77e71f71\">El Usuario puede desactivar, rechazar y eliminar las cookies -total o parcialmente- instaladas en su dispositivo mediante la configuraci\u00f3n de su navegador (entre los que se encuentran, por ejemplo, Chrome, Firefox, Safari, Explorer). A este respecto, los procedimientos para rechazar y eliminar las cookies pueden diferir de un navegador de Internet a otro. En consecuencia, el Usuario deber\u00e1 seguir las instrucciones proporcionadas por el navegador de Internet que est\u00e9 utilizando. En el caso de que rechace el uso de cookies -total o parcialmente- podr\u00e1 seguir utilizando el Sitio Web, si bien podr\u00e1 ver limitado el uso de algunas de sus funcionalidades.<\/p>\n\n\n\n<p class=\"has-cyan-bluish-gray-color has-text-color has-link-color wp-elements-18e30d617d0ff2611ea912ac3d916a55\">Este documento de Pol\u00edtica de cookies se ha creado utilizando la pol\u00edtica de cookies online gratuita <a href=\"https:\/\/textos-legales.edgartamarit.com\/\">generador de plantillas<\/a> el 08\/06\/2024.<\/p>","protected":false},"excerpt":{"rendered":"<p>jgregstudio.com Access to this Web Site may involve the use of cookies. Cookies are small amounts of information that are stored in the browser used by each User -in the different devices that can be used to navigate- so that the server remembers certain information that later and only the server that implemented it will [&hellip;]<\/p>","protected":false},"author":1,"featured_media":0,"parent":0,"menu_order":0,"comment_status":"closed","ping_status":"closed","template":"","meta":{"_uag_custom_page_level_css":"","pgc_sgb_lightbox_settings":"","footnotes":""},"class_list":["post-259","page","type-page","status-publish","hentry"],"yoast_head":"<!-- This site is optimized with the Yoast SEO plugin v25.3.1 - https:\/\/yoast.com\/wordpress\/plugins\/seo\/ -->\n<title>Cookie Privacy Photographer Jose Mejia<\/title>\n<meta name=\"robots\" content=\"index, follow, max-snippet:-1, max-image-preview:large, max-video-preview:-1\" \/>\n<link rel=\"canonical\" href=\"https:\/\/jgregstudio.com\/es\/cookie-privacy\/\" \/>\n<meta property=\"og:locale\" content=\"es_ES\" \/>\n<meta property=\"og:type\" content=\"article\" \/>\n<meta property=\"og:title\" content=\"Cookie Privacy Photographer Jose Mejia\" \/>\n<meta property=\"og:description\" content=\"jgregstudio.com Access to this Web Site may involve the use of cookies. Cookies are small amounts of information that are stored in the browser used by each User -in the different devices that can be used to navigate- so that the server remembers certain information that later and only the server that implemented it will [&hellip;]\" \/>\n<meta property=\"og:url\" content=\"https:\/\/jgregstudio.com\/es\/cookie-privacy\/\" \/>\n<meta property=\"og:site_name\" content=\"Photographer Jose Mejia\" \/>\n<meta property=\"article:modified_time\" content=\"2024-06-08T21:32:58+00:00\" \/>\n<meta property=\"og:image\" content=\"https:\/\/jgregstudio.com\/wp-content\/uploads\/2024\/06\/Jetour-1-scaled.jpg\" \/>\n\t<meta property=\"og:image:width\" content=\"2560\" \/>\n\t<meta property=\"og:image:height\" content=\"1709\" \/>\n\t<meta property=\"og:image:type\" content=\"image\/jpeg\" \/>\n<meta name=\"twitter:card\" content=\"summary_large_image\" \/>\n<meta name=\"twitter:label1\" content=\"Tiempo de lectura\" \/>\n\t<meta name=\"twitter:data1\" content=\"4 minutos\" \/>\n<script type=\"application\/ld+json\" class=\"yoast-schema-graph\">{\"@context\":\"https:\/\/schema.org\",\"@graph\":[{\"@type\":\"WebPage\",\"@id\":\"https:\/\/jgregstudio.com\/cookie-privacy\/\",\"url\":\"https:\/\/jgregstudio.com\/cookie-privacy\/\",\"name\":\"Cookie Privacy Photographer Jose Mejia\",\"isPartOf\":{\"@id\":\"https:\/\/jgregstudio.com\/#website\"},\"datePublished\":\"2024-06-05T18:55:19+00:00\",\"dateModified\":\"2024-06-08T21:32:58+00:00\",\"breadcrumb\":{\"@id\":\"https:\/\/jgregstudio.com\/cookie-privacy\/#breadcrumb\"},\"inLanguage\":\"es\",\"potentialAction\":[{\"@type\":\"ReadAction\",\"target\":[\"https:\/\/jgregstudio.com\/cookie-privacy\/\"]}]},{\"@type\":\"BreadcrumbList\",\"@id\":\"https:\/\/jgregstudio.com\/cookie-privacy\/#breadcrumb\",\"itemListElement\":[{\"@type\":\"ListItem\",\"position\":1,\"name\":\"Home\",\"item\":\"https:\/\/jgregstudio.com\/\"},{\"@type\":\"ListItem\",\"position\":2,\"name\":\"Cookie Privacy\"}]},{\"@type\":\"WebSite\",\"@id\":\"https:\/\/jgregstudio.com\/#website\",\"url\":\"https:\/\/jgregstudio.com\/\",\"name\":\"Photographer Jose Mejia\",\"description\":\"Photographer Jose Mejia\",\"publisher\":{\"@id\":\"https:\/\/jgregstudio.com\/#\/schema\/person\/ad99edabfe4e13c5ba55e6b517dc6ed6\"},\"alternateName\":\"Photographer Jose Mejia\",\"potentialAction\":[{\"@type\":\"SearchAction\",\"target\":{\"@type\":\"EntryPoint\",\"urlTemplate\":\"https:\/\/jgregstudio.com\/?s={search_term_string}\"},\"query-input\":{\"@type\":\"PropertyValueSpecification\",\"valueRequired\":true,\"valueName\":\"search_term_string\"}}],\"inLanguage\":\"es\"},{\"@type\":[\"Person\",\"Organization\"],\"@id\":\"https:\/\/jgregstudio.com\/#\/schema\/person\/ad99edabfe4e13c5ba55e6b517dc6ed6\",\"name\":\"jgregstudio.com\",\"image\":{\"@type\":\"ImageObject\",\"inLanguage\":\"es\",\"@id\":\"https:\/\/jgregstudio.com\/#\/schema\/person\/image\/\",\"url\":\"https:\/\/jgregstudio.com\/wp-content\/uploads\/2024\/06\/apple-touch-icon-1.png\",\"contentUrl\":\"https:\/\/jgregstudio.com\/wp-content\/uploads\/2024\/06\/apple-touch-icon-1.png\",\"width\":180,\"height\":180,\"caption\":\"jgregstudio.com\"},\"logo\":{\"@id\":\"https:\/\/jgregstudio.com\/#\/schema\/person\/image\/\"},\"sameAs\":[\"https:\/\/jgregstudio.com\",\"https:\/\/www.instagram.com\/jgregph\/\"]}]}<\/script>\n<!-- \/ Yoast SEO plugin. -->","yoast_head_json":{"title":"Cookie Privacy Photographer Jose Mejia","robots":{"index":"index","follow":"follow","max-snippet":"max-snippet:-1","max-image-preview":"max-image-preview:large","max-video-preview":"max-video-preview:-1"},"canonical":"https:\/\/jgregstudio.com\/es\/cookie-privacy\/","og_locale":"es_ES","og_type":"article","og_title":"Cookie Privacy Photographer Jose Mejia","og_description":"jgregstudio.com Access to this Web Site may involve the use of cookies. Cookies are small amounts of information that are stored in the browser used by each User -in the different devices that can be used to navigate- so that the server remembers certain information that later and only the server that implemented it will [&hellip;]","og_url":"https:\/\/jgregstudio.com\/es\/cookie-privacy\/","og_site_name":"Photographer Jose Mejia","article_modified_time":"2024-06-08T21:32:58+00:00","og_image":[{"width":2560,"height":1709,"url":"https:\/\/jgregstudio.com\/wp-content\/uploads\/2024\/06\/Jetour-1-scaled.jpg","type":"image\/jpeg"}],"twitter_card":"summary_large_image","twitter_misc":{"Tiempo de lectura":"4 minutos"},"schema":{"@context":"https:\/\/schema.org","@graph":[{"@type":"WebPage","@id":"https:\/\/jgregstudio.com\/cookie-privacy\/","url":"https:\/\/jgregstudio.com\/cookie-privacy\/","name":"Cookie Privacy Photographer Jose Mejia","isPartOf":{"@id":"https:\/\/jgregstudio.com\/#website"},"datePublished":"2024-06-05T18:55:19+00:00","dateModified":"2024-06-08T21:32:58+00:00","breadcrumb":{"@id":"https:\/\/jgregstudio.com\/cookie-privacy\/#breadcrumb"},"inLanguage":"es","potentialAction":[{"@type":"ReadAction","target":["https:\/\/jgregstudio.com\/cookie-privacy\/"]}]},{"@type":"BreadcrumbList","@id":"https:\/\/jgregstudio.com\/cookie-privacy\/#breadcrumb","itemListElement":[{"@type":"ListItem","position":1,"name":"Home","item":"https:\/\/jgregstudio.com\/"},{"@type":"ListItem","position":2,"name":"Cookie Privacy"}]},{"@type":"WebSite","@id":"https:\/\/jgregstudio.com\/#website","url":"https:\/\/jgregstudio.com\/","name":"Photographer Jose Mejia","description":"Photographer Jose Mejia","publisher":{"@id":"https:\/\/jgregstudio.com\/#\/schema\/person\/ad99edabfe4e13c5ba55e6b517dc6ed6"},"alternateName":"Photographer Jose Mejia","potentialAction":[{"@type":"SearchAction","target":{"@type":"EntryPoint","urlTemplate":"https:\/\/jgregstudio.com\/?s={search_term_string}"},"query-input":{"@type":"PropertyValueSpecification","valueRequired":true,"valueName":"search_term_string"}}],"inLanguage":"es"},{"@type":["Person","Organization"],"@id":"https:\/\/jgregstudio.com\/#\/schema\/person\/ad99edabfe4e13c5ba55e6b517dc6ed6","name":"jgregstudio.com","image":{"@type":"ImageObject","inLanguage":"es","@id":"https:\/\/jgregstudio.com\/#\/schema\/person\/image\/","url":"https:\/\/jgregstudio.com\/wp-content\/uploads\/2024\/06\/apple-touch-icon-1.png","contentUrl":"https:\/\/jgregstudio.com\/wp-content\/uploads\/2024\/06\/apple-touch-icon-1.png","width":180,"height":180,"caption":"jgregstudio.com"},"logo":{"@id":"https:\/\/jgregstudio.com\/#\/schema\/person\/image\/"},"sameAs":["https:\/\/jgregstudio.com","https:\/\/www.instagram.com\/jgregph\/"]}]}},"uagb_featured_image_src":{"full":false,"thumbnail":false,"medium":false,"medium_large":false,"large":false,"1536x1536":false,"2048x2048":false,"trp-custom-language-flag":false,"post-thumbnail":false,"coffeebean_portfolio-main":false,"coffeebean_portfolio-masonry":false,"coffeebean_portfolio-footer":false},"uagb_author_info":{"display_name":"jgregstudio.com","author_link":"https:\/\/jgregstudio.com\/es\/author\/jgregstudio-com\/"},"uagb_comment_info":0,"uagb_excerpt":"jgregstudio.com Access to this Web Site may involve the use of cookies. Cookies are small amounts of information that are stored in the browser used by each User -in the different devices that can be used to navigate- so that the server remembers certain information that later and only the server that implemented it will&hellip;","_links":{"self":[{"href":"https:\/\/jgregstudio.com\/es\/wp-json\/wp\/v2\/pages\/259","targetHints":{"allow":["GET"]}}],"collection":[{"href":"https:\/\/jgregstudio.com\/es\/wp-json\/wp\/v2\/pages"}],"about":[{"href":"https:\/\/jgregstudio.com\/es\/wp-json\/wp\/v2\/types\/page"}],"author":[{"embeddable":true,"href":"https:\/\/jgregstudio.com\/es\/wp-json\/wp\/v2\/users\/1"}],"replies":[{"embeddable":true,"href":"https:\/\/jgregstudio.com\/es\/wp-json\/wp\/v2\/comments?post=259"}],"version-history":[{"count":7,"href":"https:\/\/jgregstudio.com\/es\/wp-json\/wp\/v2\/pages\/259\/revisions"}],"predecessor-version":[{"id":613,"href":"https:\/\/jgregstudio.com\/es\/wp-json\/wp\/v2\/pages\/259\/revisions\/613"}],"wp:attachment":[{"href":"https:\/\/jgregstudio.com\/es\/wp-json\/wp\/v2\/media?parent=259"}],"curies":[{"name":"wp","href":"https:\/\/api.w.org\/{rel}","templated":true}]}}