{"id":541,"date":"2024-06-07T14:10:57","date_gmt":"2024-06-07T18:10:57","guid":{"rendered":"https:\/\/jgregstudio.com\/?page_id=541"},"modified":"2024-06-08T17:40:20","modified_gmt":"2024-06-08T21:40:20","slug":"legal-notice","status":"publish","type":"page","link":"https:\/\/jgregstudio.com\/es\/legal-notice\/","title":{"rendered":"Aviso legal"},"content":{"rendered":"<h2 class=\"wp-block-heading has-cyan-bluish-gray-color has-text-color has-link-color wp-elements-197caba5cd528b265d5fa2a4999aef12\">Identificaci\u00f3n y Propiedad<\/h2>\n\n\n\n<p class=\"has-cyan-bluish-gray-color has-text-color has-link-color wp-elements-86e22b83d1cbea202a46123830c050e2\">A continuaci\u00f3n, el titular expone sus datos de identificaci\u00f3n:<br>Propietario: Jos\u00e9 Mej\u00eda.<br>Direcci\u00f3n: Pichincha - Ecuador.<br>Correo electr\u00f3nico: <a href=\"mailto:jose.mejia@jgregstudio.com\">jose.mejia@jgregstudio.com<\/a><br>Sitio web: <a href=\"https:\/\/jgregstudio.com\/es\/\">https:\/\/jgregstudio.com<\/a><br>La finalidad del Sitio Web es: Fotograf\u00eda y Dise\u00f1o gr\u00e1fico Profesional.<\/p>\n\n\n\n<h2 class=\"wp-block-heading has-cyan-bluish-gray-color has-text-color has-link-color wp-elements-c3784c7813e0420a43ca94ce5fd9ebe5\">T\u00e9rminos y Condiciones de Uso<\/h2>\n\n\n\n<p class=\"has-cyan-bluish-gray-color has-text-color has-link-color wp-elements-6381fa22f9ee6a3d8e4be84c1b6259dd\">La utilizaci\u00f3n del Sitio Web le atribuye la condici\u00f3n de Usuario, e implica la aceptaci\u00f3n plena de todas las cl\u00e1usulas y condiciones de uso incluidas en las p\u00e1ginas:<\/p>\n\n\n\n<h2 class=\"wp-block-heading has-cyan-bluish-gray-color has-text-color has-link-color wp-elements-417da990513dc5ccd67f4d18206d8e6b\"><strong>Pol\u00edtica de Privacidad<\/strong><\/h2>\n\n\n\n<p class=\"has-cyan-bluish-gray-color has-text-color has-link-color wp-elements-22bea5c0773e72d89f18df57501f5915\">Si no est\u00e1 de acuerdo con todas y cada una de estas cl\u00e1usulas y condiciones, le rogamos que se abstenga de utilizar el Sitio Web.<br>El acceso al Sitio Web no supone, en modo alguno, el inicio de una relaci\u00f3n comercial con el Titular. A trav\u00e9s del Sitio Web, el Titular le facilita el acceso y la utilizaci\u00f3n de diversos contenidos que el Titular y\/o sus colaboradores han publicado en Internet. A tal efecto, usted se obliga y compromete a NO utilizar cualquiera de los contenidos del Sitio Web con fines o efectos il\u00edcitos, prohibidos en el presente Aviso Legal o por la ley, lesivos de los derechos e intereses de terceros, o que de cualquier forma puedan da\u00f1ar, inutilizar, sobrecargar, deteriorar o impedir la normal utilizaci\u00f3n de los contenidos, los equipos inform\u00e1ticos o los documentos, archivos y toda clase de contenidos almacenados en cualquier equipo inform\u00e1tico propios o contratados por el Titular, de otros usuarios o de cualquier usuario de Internet. El Titular se reserva el derecho de retirar todos aquellos comentarios que vulneren la legislaci\u00f3n vigente, lesivos de derechos o intereses de terceros, o que, a su juicio, no resultaran adecuados para su publicaci\u00f3n.<br>El Titular no ser\u00e1 responsable de las opiniones vertidas por los usuarios a trav\u00e9s del sistema de comentarios, redes sociales u otras herramientas de participaci\u00f3n, de conformidad con lo establecido en la normativa aplicable.<\/p>\n\n\n\n<h2 class=\"wp-block-heading has-cyan-bluish-gray-color has-text-color has-link-color wp-elements-87e7714cbc75486a2d83c6349c938a91\">Medidas de seguridad<\/h2>\n\n\n\n<p class=\"has-cyan-bluish-gray-color has-text-color has-link-color wp-elements-2d72c6b5875c7cc02b079032e92e9e83\">Los datos personales comunicados al Titular pueden ser almacenados en bases de datos automatizadas o no, cuya titularidad corresponde en exclusiva al Titular, asumiendo \u00e9ste todas las medidas de \u00edndole t\u00e9cnica, organizativa y de seguridad que garantizan la confidencialidad, integridad y calidad de la informaci\u00f3n contenida en las mismas de acuerdo con lo establecido en la normativa vigente en protecci\u00f3n de datos. No obstante, debes ser consciente de que las medidas de seguridad de los sistemas inform\u00e1ticos en Internet no son enteramente fiables y que, por tanto el Titular no puede garantizar la inexistencia de virus u otros elementos que puedan producir alteraciones en los sistemas inform\u00e1ticos (software y hardware) del Usuario o en sus documentos electr\u00f3nicos y ficheros contenidos en los mismos, si bien el Titular pone todos los medios necesarios y adopta las medidas de seguridad oportunas para evitar la presencia de estos elementos da\u00f1inos.<\/p>\n\n\n\n<h2 class=\"wp-block-heading has-cyan-bluish-gray-color has-text-color has-link-color wp-elements-91b4f44fe809e2e7778240635b964767\">Procesamiento de datos personales<\/h2>\n\n\n\n<p class=\"has-cyan-bluish-gray-color has-text-color has-link-color wp-elements-1d8fda567c936eb834033b7c97a54733\">Puede consultar toda la informaci\u00f3n relativa al procesamiento de los datos personales recogidos por el Titular en la p\u00e1gina Pol\u00edtica de privacidad.<\/p>\n\n\n\n<h2 class=\"wp-block-heading has-cyan-bluish-gray-color has-text-color has-link-color wp-elements-f92cec06d84c30317f3f846549fed709\">Contenido<\/h2>\n\n\n\n<p class=\"has-cyan-bluish-gray-color has-text-color has-link-color wp-elements-969fdeefc18cb1aa845cca6da37a5d61\">El Titular ha obtenido la informaci\u00f3n, los contenidos multimedia y los materiales incluidos en la Web de fuentes consideradas como fiables, pero, si bien se han tomado todas las medidas razonables para asegurarse de que la informaci\u00f3n contenida sea correcta, el Titular no garantiza que sea exacta, completa, o actualizada. El Titular declina expresamente cualquier responsabilidad por error u omisi\u00f3n en la Informaci\u00f3n contenida en las p\u00e1ginas del Sitio Web. Queda prohibido transmitir o enviar a trav\u00e9s del Sitio Web cualquier contenido ilegal o il\u00edcito, virus inform\u00e1ticos, o mensajes que, en general, afecten o violen derechos del Titular o de terceros.<br>El contenido del sitio web tiene \u00fanicamente fines informativos y en ning\u00fan caso debe utilizarse o considerarse como una oferta de venta, solicitud de una oferta de compra o recomendaci\u00f3n para realizar cualquier otra transacci\u00f3n, a menos que se indique expresamente.<br>El Titular se reserva la facultad de modificar, suspender, cancelar o restringir el contenido de la Web, los v\u00ednculos o la informaci\u00f3n obtenida a trav\u00e9s de ella, sin necesidad de previo aviso. El Titular no es responsable de los da\u00f1os o perjuicios que pudieran derivarse de la utilizaci\u00f3n de la informaci\u00f3n contenida en el Sitio Web o en las redes sociales del Titular.<\/p>\n\n\n\n<h2 class=\"wp-block-heading has-cyan-bluish-gray-color has-text-color has-link-color wp-elements-47cc73d4db931af5ddc755f58735815f\">Pol\u00edtica de Cookies<\/h2>\n\n\n\n<p class=\"has-cyan-bluish-gray-color has-text-color has-link-color wp-elements-b3592d98f4c7381656a57e24d7d6d20e\">El Titular obtiene y conserva la siguiente informaci\u00f3n sobre los visitantes del Sitio web:<br>El nombre de dominio del proveedor (ISP) y\/o la direcci\u00f3n IP que le da acceso a la red.<br>La fecha y hora de acceso al sitio web.<br>La direcci\u00f3n de Internet de origen del enlace al sitio Web.<br>El n\u00famero de visitantes diarios de cada secci\u00f3n.<br>La informaci\u00f3n obtenida es totalmente an\u00f3nima, y en ning\u00fan caso puede ser asociada a un Usuario concreto e identificado.<br>Enlaces a otros sitios web<br>El Titular podr\u00e1 proporcionar el acceso a p\u00e1ginas Web de terceros mediante enlaces con la finalidad exclusiva de informar sobre la existencia de otras fuentes de informaci\u00f3n en Internet en las que podr\u00e1 ampliar los datos ofrecidos en el Sitio Web.<br>Estos enlaces a otros sitios web no suponen en ning\u00fan caso una sugerencia o recomendaci\u00f3n para que visites los sitios web de destino, que est\u00e1n fuera del control del Titular, por lo que el Titular no es responsable del contenido de los sitios web vinculados ni del resultado que obtengas al seguir los enlaces. Asimismo, el Titular no responde de los links o enlaces ubicados en los sitios web enlazados a los que proporciona acceso.<br>El establecimiento del enlace no implica en ning\u00fan caso la existencia de relaciones entre el Titular y el propietario del sitio en el que se establezca el enlace, ni la aceptaci\u00f3n o aprobaci\u00f3n por parte del Titular de sus contenidos o servicios.<br>Si accede a un sitio web externo desde un enlace que encuentre en el Sitio Web, deber\u00e1 leer la pol\u00edtica de privacidad del otro sitio web, que puede ser diferente de la de este Sitio Web.<br>Propiedad intelectual e industrial<br>Todos los derechos reservados.<br>Todo acceso a este Sitio Web est\u00e1 sujeto a las siguientes condiciones: la reproducci\u00f3n, el almacenamiento permanente y la difusi\u00f3n de los contenidos o cualquier otro uso con fines p\u00fablicos o comerciales quedan expresamente prohibidos sin el previo consentimiento expreso y por escrito del Propietario.<\/p>\n\n\n\n<h2 class=\"wp-block-heading has-cyan-bluish-gray-color has-text-color has-link-color wp-elements-783b1add46df018e84a3165cd97daf68\">Limitaci\u00f3n de responsabilidad<\/h2>\n\n\n\n<p class=\"has-cyan-bluish-gray-color has-text-color has-link-color wp-elements-2472dfffe8173529a2966cf1ec817743\">La informaci\u00f3n y servicios incluidos o disponibles a trav\u00e9s del Portal pueden incluir incorrecciones o errores tipogr\u00e1ficos. El Titular incorpora peri\u00f3dicamente mejoras y\/o cambios en la informaci\u00f3n contenida y\/o en los Servicios que pueden introducirse en cualquier momento. El Titular no declara ni garantiza que los servicios o contenidos sean interrumpidos o que est\u00e9n libres de errores, que los defectos sean corregidos, o que el servicio o el servidor que lo pone a disposici\u00f3n est\u00e9n libres de virus u otros componentes nocivos sin perjuicio de que el Titular realiza sus mejores esfuerzos en evitar este tipo de incidentes. El Titular declina cualquier responsabilidad en caso de que existan interrupciones o un mal funcionamiento de los Servicios o contenidos ofrecidos en Internet, cualquiera que sea su causa. Asimismo, el Titular no ser\u00e1 responsable por ca\u00eddas de la red, p\u00e9rdidas de negocio a consecuencia de dichas ca\u00eddas, suspensiones temporales del fluido el\u00e9ctrico o cualquier otro tipo de da\u00f1o indirecto que pueda ser causado por causas ajenas al Titular. Antes de tomar decisiones y\/o realizar acciones basadas en la informaci\u00f3n incluida en el Sitio Web, el Titular le recomienda que compruebe y contraste la informaci\u00f3n recibida con otras fuentes.<\/p>\n\n\n\n<h2 class=\"wp-block-heading has-cyan-bluish-gray-color has-text-color has-link-color wp-elements-dd24689dcb189fab8542cd66b84ce137\">Cont\u00e1ctame<\/h2>\n\n\n\n<p class=\"has-cyan-bluish-gray-color has-text-color has-link-color wp-elements-ddaa5f8ccedf5a4867c2c1c20bd9df8a\">En caso de que tenga alguna pregunta sobre este Aviso Legal o quiera hacer alg\u00fan comentario sobre el Sitio Web, puede enviar un correo electr\u00f3nico a la direcci\u00f3n: <a href=\"mailto:jose.mejia@jgregstudio.com\">jose.mejia@jgregstudio.com<\/a><\/p>","protected":false},"excerpt":{"rendered":"<p>Identification and Ownership Next the Holder exposes his identification data:Owner: Jos\u00e9 Mej\u00eda.Address: Pichincha &#8211; Ecuador.E-mail: jose.mejia@jgregstudio.comWeb Site: https:\/\/jgregstudio.comThe purpose of the Web Site is: Photography and graphic design studio. Terms and Conditions of Use The use of the Web Site gives you the status of User, and implies full acceptance of all clauses and conditions [&hellip;]<\/p>","protected":false},"author":1,"featured_media":0,"parent":0,"menu_order":0,"comment_status":"closed","ping_status":"closed","template":"","meta":{"_uag_custom_page_level_css":"","pgc_sgb_lightbox_settings":"","footnotes":""},"class_list":["post-541","page","type-page","status-publish","hentry"],"yoast_head":"<!-- This site is optimized with the Yoast SEO plugin v25.3.1 - https:\/\/yoast.com\/wordpress\/plugins\/seo\/ -->\n<title>Legal Notice Photographer Jose Mejia<\/title>\n<meta name=\"robots\" content=\"index, follow, max-snippet:-1, max-image-preview:large, max-video-preview:-1\" \/>\n<link rel=\"canonical\" href=\"https:\/\/jgregstudio.com\/es\/legal-notice\/\" \/>\n<meta property=\"og:locale\" content=\"es_ES\" \/>\n<meta property=\"og:type\" content=\"article\" \/>\n<meta property=\"og:title\" content=\"Legal Notice Photographer Jose Mejia\" \/>\n<meta property=\"og:description\" content=\"Identification and Ownership Next the Holder exposes his identification data:Owner: Jos\u00e9 Mej\u00eda.Address: Pichincha &#8211; Ecuador.E-mail: jose.mejia@jgregstudio.comWeb Site: https:\/\/jgregstudio.comThe purpose of the Web Site is: Photography and graphic design studio. Terms and Conditions of Use The use of the Web Site gives you the status of User, and implies full acceptance of all clauses and conditions [&hellip;]\" \/>\n<meta property=\"og:url\" content=\"https:\/\/jgregstudio.com\/es\/legal-notice\/\" \/>\n<meta property=\"og:site_name\" content=\"Photographer Jose Mejia\" \/>\n<meta property=\"article:modified_time\" content=\"2024-06-08T21:40:20+00:00\" \/>\n<meta property=\"og:image\" content=\"https:\/\/jgregstudio.com\/wp-content\/uploads\/2024\/06\/Jetour-1-scaled.jpg\" \/>\n\t<meta property=\"og:image:width\" content=\"2560\" \/>\n\t<meta property=\"og:image:height\" content=\"1709\" \/>\n\t<meta property=\"og:image:type\" content=\"image\/jpeg\" \/>\n<meta name=\"twitter:card\" content=\"summary_large_image\" \/>\n<meta name=\"twitter:label1\" content=\"Tiempo de lectura\" \/>\n\t<meta name=\"twitter:data1\" content=\"6 minutos\" \/>\n<script type=\"application\/ld+json\" class=\"yoast-schema-graph\">{\"@context\":\"https:\/\/schema.org\",\"@graph\":[{\"@type\":\"WebPage\",\"@id\":\"https:\/\/jgregstudio.com\/legal-notice\/\",\"url\":\"https:\/\/jgregstudio.com\/legal-notice\/\",\"name\":\"Legal Notice Photographer Jose Mejia\",\"isPartOf\":{\"@id\":\"https:\/\/jgregstudio.com\/#website\"},\"datePublished\":\"2024-06-07T18:10:57+00:00\",\"dateModified\":\"2024-06-08T21:40:20+00:00\",\"breadcrumb\":{\"@id\":\"https:\/\/jgregstudio.com\/legal-notice\/#breadcrumb\"},\"inLanguage\":\"es\",\"potentialAction\":[{\"@type\":\"ReadAction\",\"target\":[\"https:\/\/jgregstudio.com\/legal-notice\/\"]}]},{\"@type\":\"BreadcrumbList\",\"@id\":\"https:\/\/jgregstudio.com\/legal-notice\/#breadcrumb\",\"itemListElement\":[{\"@type\":\"ListItem\",\"position\":1,\"name\":\"Home\",\"item\":\"https:\/\/jgregstudio.com\/\"},{\"@type\":\"ListItem\",\"position\":2,\"name\":\"Legal Notice\"}]},{\"@type\":\"WebSite\",\"@id\":\"https:\/\/jgregstudio.com\/#website\",\"url\":\"https:\/\/jgregstudio.com\/\",\"name\":\"Photographer Jose Mejia\",\"description\":\"Photographer Jose Mejia\",\"publisher\":{\"@id\":\"https:\/\/jgregstudio.com\/#\/schema\/person\/ad99edabfe4e13c5ba55e6b517dc6ed6\"},\"alternateName\":\"Photographer Jose Mejia\",\"potentialAction\":[{\"@type\":\"SearchAction\",\"target\":{\"@type\":\"EntryPoint\",\"urlTemplate\":\"https:\/\/jgregstudio.com\/?s={search_term_string}\"},\"query-input\":{\"@type\":\"PropertyValueSpecification\",\"valueRequired\":true,\"valueName\":\"search_term_string\"}}],\"inLanguage\":\"es\"},{\"@type\":[\"Person\",\"Organization\"],\"@id\":\"https:\/\/jgregstudio.com\/#\/schema\/person\/ad99edabfe4e13c5ba55e6b517dc6ed6\",\"name\":\"jgregstudio.com\",\"image\":{\"@type\":\"ImageObject\",\"inLanguage\":\"es\",\"@id\":\"https:\/\/jgregstudio.com\/#\/schema\/person\/image\/\",\"url\":\"https:\/\/jgregstudio.com\/wp-content\/uploads\/2024\/06\/apple-touch-icon-1.png\",\"contentUrl\":\"https:\/\/jgregstudio.com\/wp-content\/uploads\/2024\/06\/apple-touch-icon-1.png\",\"width\":180,\"height\":180,\"caption\":\"jgregstudio.com\"},\"logo\":{\"@id\":\"https:\/\/jgregstudio.com\/#\/schema\/person\/image\/\"},\"sameAs\":[\"https:\/\/jgregstudio.com\",\"https:\/\/www.instagram.com\/jgregph\/\"]}]}<\/script>\n<!-- \/ Yoast SEO plugin. -->","yoast_head_json":{"title":"Legal Notice Photographer Jose Mejia","robots":{"index":"index","follow":"follow","max-snippet":"max-snippet:-1","max-image-preview":"max-image-preview:large","max-video-preview":"max-video-preview:-1"},"canonical":"https:\/\/jgregstudio.com\/es\/legal-notice\/","og_locale":"es_ES","og_type":"article","og_title":"Legal Notice Photographer Jose Mejia","og_description":"Identification and Ownership Next the Holder exposes his identification data:Owner: Jos\u00e9 Mej\u00eda.Address: Pichincha &#8211; Ecuador.E-mail: jose.mejia@jgregstudio.comWeb Site: https:\/\/jgregstudio.comThe purpose of the Web Site is: Photography and graphic design studio. Terms and Conditions of Use The use of the Web Site gives you the status of User, and implies full acceptance of all clauses and conditions [&hellip;]","og_url":"https:\/\/jgregstudio.com\/es\/legal-notice\/","og_site_name":"Photographer Jose Mejia","article_modified_time":"2024-06-08T21:40:20+00:00","og_image":[{"width":2560,"height":1709,"url":"https:\/\/jgregstudio.com\/wp-content\/uploads\/2024\/06\/Jetour-1-scaled.jpg","type":"image\/jpeg"}],"twitter_card":"summary_large_image","twitter_misc":{"Tiempo de lectura":"6 minutos"},"schema":{"@context":"https:\/\/schema.org","@graph":[{"@type":"WebPage","@id":"https:\/\/jgregstudio.com\/legal-notice\/","url":"https:\/\/jgregstudio.com\/legal-notice\/","name":"Legal Notice Photographer Jose Mejia","isPartOf":{"@id":"https:\/\/jgregstudio.com\/#website"},"datePublished":"2024-06-07T18:10:57+00:00","dateModified":"2024-06-08T21:40:20+00:00","breadcrumb":{"@id":"https:\/\/jgregstudio.com\/legal-notice\/#breadcrumb"},"inLanguage":"es","potentialAction":[{"@type":"ReadAction","target":["https:\/\/jgregstudio.com\/legal-notice\/"]}]},{"@type":"BreadcrumbList","@id":"https:\/\/jgregstudio.com\/legal-notice\/#breadcrumb","itemListElement":[{"@type":"ListItem","position":1,"name":"Home","item":"https:\/\/jgregstudio.com\/"},{"@type":"ListItem","position":2,"name":"Legal Notice"}]},{"@type":"WebSite","@id":"https:\/\/jgregstudio.com\/#website","url":"https:\/\/jgregstudio.com\/","name":"Photographer Jose Mejia","description":"Photographer Jose Mejia","publisher":{"@id":"https:\/\/jgregstudio.com\/#\/schema\/person\/ad99edabfe4e13c5ba55e6b517dc6ed6"},"alternateName":"Photographer Jose Mejia","potentialAction":[{"@type":"SearchAction","target":{"@type":"EntryPoint","urlTemplate":"https:\/\/jgregstudio.com\/?s={search_term_string}"},"query-input":{"@type":"PropertyValueSpecification","valueRequired":true,"valueName":"search_term_string"}}],"inLanguage":"es"},{"@type":["Person","Organization"],"@id":"https:\/\/jgregstudio.com\/#\/schema\/person\/ad99edabfe4e13c5ba55e6b517dc6ed6","name":"jgregstudio.com","image":{"@type":"ImageObject","inLanguage":"es","@id":"https:\/\/jgregstudio.com\/#\/schema\/person\/image\/","url":"https:\/\/jgregstudio.com\/wp-content\/uploads\/2024\/06\/apple-touch-icon-1.png","contentUrl":"https:\/\/jgregstudio.com\/wp-content\/uploads\/2024\/06\/apple-touch-icon-1.png","width":180,"height":180,"caption":"jgregstudio.com"},"logo":{"@id":"https:\/\/jgregstudio.com\/#\/schema\/person\/image\/"},"sameAs":["https:\/\/jgregstudio.com","https:\/\/www.instagram.com\/jgregph\/"]}]}},"uagb_featured_image_src":{"full":false,"thumbnail":false,"medium":false,"medium_large":false,"large":false,"1536x1536":false,"2048x2048":false,"trp-custom-language-flag":false,"post-thumbnail":false,"coffeebean_portfolio-main":false,"coffeebean_portfolio-masonry":false,"coffeebean_portfolio-footer":false},"uagb_author_info":{"display_name":"jgregstudio.com","author_link":"https:\/\/jgregstudio.com\/es\/author\/jgregstudio-com\/"},"uagb_comment_info":0,"uagb_excerpt":"Identification and Ownership Next the Holder exposes his identification data:Owner: Jos\u00e9 Mej\u00eda.Address: Pichincha &#8211; Ecuador.E-mail: jose.mejia@jgregstudio.comWeb Site: https:\/\/jgregstudio.comThe purpose of the Web Site is: Photography and graphic design studio. Terms and Conditions of Use The use of the Web Site gives you the status of User, and implies full acceptance of all clauses and conditions&hellip;","_links":{"self":[{"href":"https:\/\/jgregstudio.com\/es\/wp-json\/wp\/v2\/pages\/541","targetHints":{"allow":["GET"]}}],"collection":[{"href":"https:\/\/jgregstudio.com\/es\/wp-json\/wp\/v2\/pages"}],"about":[{"href":"https:\/\/jgregstudio.com\/es\/wp-json\/wp\/v2\/types\/page"}],"author":[{"embeddable":true,"href":"https:\/\/jgregstudio.com\/es\/wp-json\/wp\/v2\/users\/1"}],"replies":[{"embeddable":true,"href":"https:\/\/jgregstudio.com\/es\/wp-json\/wp\/v2\/comments?post=541"}],"version-history":[{"count":13,"href":"https:\/\/jgregstudio.com\/es\/wp-json\/wp\/v2\/pages\/541\/revisions"}],"predecessor-version":[{"id":615,"href":"https:\/\/jgregstudio.com\/es\/wp-json\/wp\/v2\/pages\/541\/revisions\/615"}],"wp:attachment":[{"href":"https:\/\/jgregstudio.com\/es\/wp-json\/wp\/v2\/media?parent=541"}],"curies":[{"name":"wp","href":"https:\/\/api.w.org\/{rel}","templated":true}]}}